{"id":798,"date":"2020-12-16T11:56:23","date_gmt":"2020-12-16T10:56:23","guid":{"rendered":"http:\/\/marist-en-mission.com\/?page_id=798"},"modified":"2020-12-16T11:58:51","modified_gmt":"2020-12-16T10:58:51","slug":"avril-2020-typhon-en-melanesie-au-vanuatu","status":"publish","type":"page","link":"https:\/\/marist-en-mission.com\/index.php\/avril-2020-typhon-en-melanesie-au-vanuatu\/","title":{"rendered":"Avril 2020 \u2013 Typhon en M\u00e9lan\u00e9sie au Vanuatu"},"content":{"rendered":"\n<p>Harold, ainsi a-t-il \u00e9t\u00e9 baptis\u00e9. C\u2019est un cyclone de force 5 qui s\u2019est abattu en M\u00e9lan\u00e9sie. Ce cyclone s\u2019est abattu aussi particuli\u00e8rement sur les \u00eeles de Pentec\u00f4te, Ambrym et Santo o\u00f9 se trouvent les Fr\u00e8res Maristes.<\/p>\n\n\n\n<div class=\"wp-block-image\"><figure class=\"aligncenter size-large\"><img loading=\"lazy\" width=\"883\" height=\"589\" src=\"http:\/\/marist-en-mission.com\/wp-content\/uploads\/2020\/12\/image7.jpg\" alt=\"\" class=\"wp-image-787\" srcset=\"https:\/\/marist-en-mission.com\/wp-content\/uploads\/2020\/12\/image7.jpg 883w, https:\/\/marist-en-mission.com\/wp-content\/uploads\/2020\/12\/image7-768x512.jpg 768w\" sizes=\"(max-width: 883px) 100vw, 883px\" \/><\/figure><\/div>\n\n\n\n<p>&nbsp;&nbsp;&nbsp; Les d\u00e9g\u00e2ts mat\u00e9riels ont \u00e9t\u00e9 tr\u00e8s importants pour nos \u00e9coles et pour les maisons des fr\u00e8res. Il faut tout reconstruire. Mais l\u2019impact humain a \u00e9t\u00e9 aussi important.<\/p>\n\n\n\n<p>&nbsp;&nbsp;&nbsp; Nous pouvons relire les journaux de l\u2019\u00e9poque et r\u00e9\u00e9couter les JT des t\u00e9l\u00e9visions de notre continent : de ce cyclone, quasi personne n\u2019en a parl\u00e9. Nous \u00e9tions dans la crise sanitaire du Covd-19 et toute l\u2019Occident s\u2019est d\u00e9sint\u00e9ress\u00e9 de cette catastrophe.<\/p>\n\n\n\n<p>\u00ab&nbsp;<strong><em>Aider une communaut\u00e9 isol\u00e9e \u00e0 se remettre d\u2019un cyclone comme Harold est un d\u00e9fi dans le meilleur des cas, mais le faire en pleine pand\u00e9mie du COVID-19 n\u00e9cessitera des efforts complexes et soutenus<\/em><\/strong>&nbsp;\u00bb a d\u00e9clar\u00e9 Rebecca Bromhead, directrice g\u00e9n\u00e9rale de Solidarit\u00e9 Mariste Australienne. Elle a ajout\u00e9 : \u00ab&nbsp;Nous avons besoin de votre soutien pour pouvoir proc\u00e9der \u00e0 la reconstruction vitale de l\u2019\u00e9cole le plus rapidement possible&nbsp;\u00bb.&nbsp;<\/p>\n\n\n\n<p>&nbsp;&nbsp;&nbsp; Toutes les cultures ont \u00e9t\u00e9 saccag\u00e9es. Les habitants sont tr\u00e8s d\u00e9pendants et se demandent comment ils pourront se nourrir dans les mois \u00e0 venir. Les aides sont d\u00e9j\u00e0 venues d\u2019Australie, de Nouvelle-Z\u00e9lande mais la pand\u00e9mie de Covid-19 qui s\u00e9vit aussi dans ces r\u00e9gions ne rend pas la t\u00e2che facile.<\/p>\n\n\n\n<p>&nbsp;&nbsp;&nbsp; Les Fr\u00e8res Maristes sont pr\u00e9sents au Vanuatu depuis 1991. Cette r\u00e9gion a d\u00e9j\u00e0 \u00e9t\u00e9 d\u00e9vast\u00e9e par le cyclone Pam qui a frapp\u00e9 le Vanuatu en 2015 et d\u00e9j\u00e0 \u00e0 l\u2019\u00e9poque, il a fallu reconstruire, r\u00e9parer, consolider.<\/p>\n","protected":false},"excerpt":{"rendered":"<p>Harold, ainsi a-t-il \u00e9t\u00e9 baptis\u00e9. C\u2019est un cyclone de force 5 qui s\u2019est abattu en M\u00e9lan\u00e9sie. Ce cyclone s\u2019est abattu aussi particuli\u00e8rement sur les \u00eeles de Pentec\u00f4te, Ambrym et Santo o\u00f9 se trouvent les Fr\u00e8res Maristes. &nbsp;&nbsp;&nbsp; Les d\u00e9g\u00e2ts mat\u00e9riels ont \u00e9t\u00e9 tr\u00e8s importants pour nos \u00e9coles et pour les maisons des fr\u00e8res. Il faut [&hellip;]<\/p>\n","protected":false},"author":2,"featured_media":787,"parent":0,"menu_order":0,"comment_status":"closed","ping_status":"closed","template":"","meta":[],"yoast_head":"<!-- This site is optimized with the Yoast SEO plugin v17.1 - https:\/\/yoast.com\/wordpress\/plugins\/seo\/ -->\n<title>Avril 2020 \u2013 Typhon en M\u00e9lan\u00e9sie au Vanuatu - Maristes en mission<\/title>\n<meta name=\"robots\" content=\"index, follow, max-snippet:-1, max-image-preview:large, max-video-preview:-1\" \/>\n<link rel=\"canonical\" href=\"https:\/\/marist-en-mission.com\/index.php\/avril-2020-typhon-en-melanesie-au-vanuatu\/\" \/>\n<meta property=\"og:locale\" content=\"en_US\" \/>\n<meta property=\"og:type\" content=\"article\" \/>\n<meta property=\"og:title\" content=\"Avril 2020 \u2013 Typhon en M\u00e9lan\u00e9sie au Vanuatu - Maristes en mission\" \/>\n<meta property=\"og:description\" content=\"Harold, ainsi a-t-il \u00e9t\u00e9 baptis\u00e9. C\u2019est un cyclone de force 5 qui s\u2019est abattu en M\u00e9lan\u00e9sie. Ce cyclone s\u2019est abattu aussi particuli\u00e8rement sur les \u00eeles de Pentec\u00f4te, Ambrym et Santo o\u00f9 se trouvent les Fr\u00e8res Maristes. &nbsp;&nbsp;&nbsp; Les d\u00e9g\u00e2ts mat\u00e9riels ont \u00e9t\u00e9 tr\u00e8s importants pour nos \u00e9coles et pour les maisons des fr\u00e8res. Il faut [&hellip;]\" \/>\n<meta property=\"og:url\" content=\"https:\/\/marist-en-mission.com\/index.php\/avril-2020-typhon-en-melanesie-au-vanuatu\/\" \/>\n<meta property=\"og:site_name\" content=\"Maristes en mission\" \/>\n<meta property=\"article:modified_time\" content=\"2020-12-16T10:58:51+00:00\" \/>\n<meta property=\"og:image\" content=\"https:\/\/marist-en-mission.com\/wp-content\/uploads\/2020\/12\/image7.jpg\" \/>\n\t<meta property=\"og:image:width\" content=\"883\" \/>\n\t<meta property=\"og:image:height\" content=\"589\" \/>\n<meta name=\"twitter:card\" content=\"summary_large_image\" \/>\n<meta name=\"twitter:label1\" content=\"Est. reading time\" \/>\n\t<meta name=\"twitter:data1\" content=\"2 minutes\" \/>\n<script type=\"application\/ld+json\" class=\"yoast-schema-graph\">{\"@context\":\"https:\/\/schema.org\",\"@graph\":[{\"@type\":\"WebSite\",\"@id\":\"https:\/\/marist-en-mission.com\/#website\",\"url\":\"https:\/\/marist-en-mission.com\/\",\"name\":\"Maristes en mission\",\"description\":\"\",\"potentialAction\":[{\"@type\":\"SearchAction\",\"target\":{\"@type\":\"EntryPoint\",\"urlTemplate\":\"https:\/\/marist-en-mission.com\/?s={search_term_string}\"},\"query-input\":\"required name=search_term_string\"}],\"inLanguage\":\"en-US\"},{\"@type\":\"ImageObject\",\"@id\":\"https:\/\/marist-en-mission.com\/index.php\/avril-2020-typhon-en-melanesie-au-vanuatu\/#primaryimage\",\"inLanguage\":\"en-US\",\"url\":\"https:\/\/marist-en-mission.com\/wp-content\/uploads\/2020\/12\/image7.jpg\",\"contentUrl\":\"https:\/\/marist-en-mission.com\/wp-content\/uploads\/2020\/12\/image7.jpg\",\"width\":883,\"height\":589},{\"@type\":\"WebPage\",\"@id\":\"https:\/\/marist-en-mission.com\/index.php\/avril-2020-typhon-en-melanesie-au-vanuatu\/#webpage\",\"url\":\"https:\/\/marist-en-mission.com\/index.php\/avril-2020-typhon-en-melanesie-au-vanuatu\/\",\"name\":\"Avril 2020 \\u2013 Typhon en M\\u00e9lan\\u00e9sie au Vanuatu - Maristes en mission\",\"isPartOf\":{\"@id\":\"https:\/\/marist-en-mission.com\/#website\"},\"primaryImageOfPage\":{\"@id\":\"https:\/\/marist-en-mission.com\/index.php\/avril-2020-typhon-en-melanesie-au-vanuatu\/#primaryimage\"},\"datePublished\":\"2020-12-16T10:56:23+00:00\",\"dateModified\":\"2020-12-16T10:58:51+00:00\",\"breadcrumb\":{\"@id\":\"https:\/\/marist-en-mission.com\/index.php\/avril-2020-typhon-en-melanesie-au-vanuatu\/#breadcrumb\"},\"inLanguage\":\"en-US\",\"potentialAction\":[{\"@type\":\"ReadAction\",\"target\":[\"https:\/\/marist-en-mission.com\/index.php\/avril-2020-typhon-en-melanesie-au-vanuatu\/\"]}]},{\"@type\":\"BreadcrumbList\",\"@id\":\"https:\/\/marist-en-mission.com\/index.php\/avril-2020-typhon-en-melanesie-au-vanuatu\/#breadcrumb\",\"itemListElement\":[{\"@type\":\"ListItem\",\"position\":1,\"name\":\"Home\",\"item\":\"https:\/\/marist-en-mission.com\/\"},{\"@type\":\"ListItem\",\"position\":2,\"name\":\"Avril 2020 \\u2013 Typhon en M\\u00e9lan\\u00e9sie au Vanuatu\"}]}]}<\/script>\n<!-- \/ Yoast SEO plugin. -->","yoast_head_json":{"title":"Avril 2020 \u2013 Typhon en M\u00e9lan\u00e9sie au Vanuatu - Maristes en mission","robots":{"index":"index","follow":"follow","max-snippet":"max-snippet:-1","max-image-preview":"max-image-preview:large","max-video-preview":"max-video-preview:-1"},"canonical":"https:\/\/marist-en-mission.com\/index.php\/avril-2020-typhon-en-melanesie-au-vanuatu\/","og_locale":"en_US","og_type":"article","og_title":"Avril 2020 \u2013 Typhon en M\u00e9lan\u00e9sie au Vanuatu - Maristes en mission","og_description":"Harold, ainsi a-t-il \u00e9t\u00e9 baptis\u00e9. C\u2019est un cyclone de force 5 qui s\u2019est abattu en M\u00e9lan\u00e9sie. Ce cyclone s\u2019est abattu aussi particuli\u00e8rement sur les \u00eeles de Pentec\u00f4te, Ambrym et Santo o\u00f9 se trouvent les Fr\u00e8res Maristes. &nbsp;&nbsp;&nbsp; Les d\u00e9g\u00e2ts mat\u00e9riels ont \u00e9t\u00e9 tr\u00e8s importants pour nos \u00e9coles et pour les maisons des fr\u00e8res. Il faut [&hellip;]","og_url":"https:\/\/marist-en-mission.com\/index.php\/avril-2020-typhon-en-melanesie-au-vanuatu\/","og_site_name":"Maristes en mission","article_modified_time":"2020-12-16T10:58:51+00:00","og_image":[{"width":883,"height":589,"url":"https:\/\/marist-en-mission.com\/wp-content\/uploads\/2020\/12\/image7.jpg","path":"\/home\/maristp\/www\/wp-content\/uploads\/2020\/12\/image7.jpg","size":"full","id":787,"alt":"","pixels":520087,"type":"image\/jpeg"}],"twitter_card":"summary_large_image","twitter_misc":{"Est. reading time":"2 minutes"},"schema":{"@context":"https:\/\/schema.org","@graph":[{"@type":"WebSite","@id":"https:\/\/marist-en-mission.com\/#website","url":"https:\/\/marist-en-mission.com\/","name":"Maristes en mission","description":"","potentialAction":[{"@type":"SearchAction","target":{"@type":"EntryPoint","urlTemplate":"https:\/\/marist-en-mission.com\/?s={search_term_string}"},"query-input":"required name=search_term_string"}],"inLanguage":"en-US"},{"@type":"ImageObject","@id":"https:\/\/marist-en-mission.com\/index.php\/avril-2020-typhon-en-melanesie-au-vanuatu\/#primaryimage","inLanguage":"en-US","url":"https:\/\/marist-en-mission.com\/wp-content\/uploads\/2020\/12\/image7.jpg","contentUrl":"https:\/\/marist-en-mission.com\/wp-content\/uploads\/2020\/12\/image7.jpg","width":883,"height":589},{"@type":"WebPage","@id":"https:\/\/marist-en-mission.com\/index.php\/avril-2020-typhon-en-melanesie-au-vanuatu\/#webpage","url":"https:\/\/marist-en-mission.com\/index.php\/avril-2020-typhon-en-melanesie-au-vanuatu\/","name":"Avril 2020 \u2013 Typhon en M\u00e9lan\u00e9sie au Vanuatu - Maristes en mission","isPartOf":{"@id":"https:\/\/marist-en-mission.com\/#website"},"primaryImageOfPage":{"@id":"https:\/\/marist-en-mission.com\/index.php\/avril-2020-typhon-en-melanesie-au-vanuatu\/#primaryimage"},"datePublished":"2020-12-16T10:56:23+00:00","dateModified":"2020-12-16T10:58:51+00:00","breadcrumb":{"@id":"https:\/\/marist-en-mission.com\/index.php\/avril-2020-typhon-en-melanesie-au-vanuatu\/#breadcrumb"},"inLanguage":"en-US","potentialAction":[{"@type":"ReadAction","target":["https:\/\/marist-en-mission.com\/index.php\/avril-2020-typhon-en-melanesie-au-vanuatu\/"]}]},{"@type":"BreadcrumbList","@id":"https:\/\/marist-en-mission.com\/index.php\/avril-2020-typhon-en-melanesie-au-vanuatu\/#breadcrumb","itemListElement":[{"@type":"ListItem","position":1,"name":"Home","item":"https:\/\/marist-en-mission.com\/"},{"@type":"ListItem","position":2,"name":"Avril 2020 \u2013 Typhon en M\u00e9lan\u00e9sie au Vanuatu"}]}]}},"_links":{"self":[{"href":"https:\/\/marist-en-mission.com\/index.php\/wp-json\/wp\/v2\/pages\/798"}],"collection":[{"href":"https:\/\/marist-en-mission.com\/index.php\/wp-json\/wp\/v2\/pages"}],"about":[{"href":"https:\/\/marist-en-mission.com\/index.php\/wp-json\/wp\/v2\/types\/page"}],"author":[{"embeddable":true,"href":"https:\/\/marist-en-mission.com\/index.php\/wp-json\/wp\/v2\/users\/2"}],"replies":[{"embeddable":true,"href":"https:\/\/marist-en-mission.com\/index.php\/wp-json\/wp\/v2\/comments?post=798"}],"version-history":[{"count":2,"href":"https:\/\/marist-en-mission.com\/index.php\/wp-json\/wp\/v2\/pages\/798\/revisions"}],"predecessor-version":[{"id":803,"href":"https:\/\/marist-en-mission.com\/index.php\/wp-json\/wp\/v2\/pages\/798\/revisions\/803"}],"wp:featuredmedia":[{"embeddable":true,"href":"https:\/\/marist-en-mission.com\/index.php\/wp-json\/wp\/v2\/media\/787"}],"wp:attachment":[{"href":"https:\/\/marist-en-mission.com\/index.php\/wp-json\/wp\/v2\/media?parent=798"}],"curies":[{"name":"wp","href":"https:\/\/api.w.org\/{rel}","templated":true}]}}