{"id":515,"date":"2020-09-21T18:22:55","date_gmt":"2020-09-21T16:22:55","guid":{"rendered":"http:\/\/marist-en-mission.com\/?page_id=515"},"modified":"2021-08-16T10:06:43","modified_gmt":"2021-08-16T08:06:43","slug":"bulletins-trimestriels","status":"publish","type":"page","link":"https:\/\/marist-en-mission.com\/index.php\/bulletins-trimestriels\/","title":{"rendered":"Bulletins trimestriels"},"content":{"rendered":"<div data-colibri-id=\"515-c1\" class=\"style-403 style-local-515-c1 position-relative\">\n  <!---->\n  <div data-colibri-component=\"section\" data-colibri-id=\"515-c2\" id=\"initial-content\" class=\"h-section h-section-global-spacing d-flex align-items-lg-center align-items-md-center align-items-center style-404 style-local-515-c2 position-relative\">\n    <!---->\n    <!---->\n    <div class=\"h-section-grid-container h-section-boxed-container\">\n      <!---->\n      <div data-colibri-id=\"515-c3\" class=\"h-row-container gutters-row-lg-2 gutters-row-md-2 gutters-row-0 gutters-row-v-lg-2 gutters-row-v-md-2 gutters-row-v-2 style-430 style-local-515-c3 position-relative\">\n        <!---->\n        <div class=\"h-row justify-content-lg-center justify-content-md-center justify-content-center align-items-lg-stretch align-items-md-stretch align-items-stretch gutters-col-lg-2 gutters-col-md-2 gutters-col-0 gutters-col-v-lg-2 gutters-col-v-md-2 gutters-col-v-2\">\n          <!---->\n          <div class=\"h-column h-column-container d-flex h-col-lg-auto h-col-md-auto h-col-auto style-431-outer style-local-515-c4-outer\">\n            <div data-colibri-id=\"515-c4\" class=\"d-flex h-flex-basis h-column__inner h-px-lg-2 h-px-md-2 h-px-2 v-inner-lg-2 v-inner-md-2 v-inner-2 style-431 style-local-515-c4 position-relative\">\n              <!---->\n              <!---->\n              <div class=\"w-100 h-y-container h-column__content h-column__v-align flex-basis-100 align-self-lg-start align-self-md-start align-self-start\">\n                <!---->\n                <div data-colibri-id=\"515-c5\" class=\"h-global-transition-all h-heading style-432 style-local-515-c5 position-relative h-element\">\n                  <!---->\n                  <div class=\"h-heading__outer style-432 style-local-515-c5\">\n                    <!---->\n                    <!---->\n                    <h1 class=\"\">181 &#8211; Octobre, novembre, d\u00e9cembre 2020<\/h1>\n                  <\/div>\n                <\/div>\n              <\/div>\n            <\/div>\n          <\/div>\n        <\/div>\n      <\/div>\n      <div data-colibri-id=\"515-c6\" class=\"h-row-container gutters-row-lg-2 gutters-row-md-2 gutters-row-0 gutters-row-v-lg-2 gutters-row-v-md-2 gutters-row-v-2 style-427 style-local-515-c6 position-relative\">\n        <!---->\n        <div class=\"h-row justify-content-lg-center justify-content-md-center justify-content-center align-items-lg-stretch align-items-md-stretch align-items-stretch gutters-col-lg-2 gutters-col-md-2 gutters-col-0 gutters-col-v-lg-2 gutters-col-v-md-2 gutters-col-v-2\">\n          <!---->\n          <div class=\"h-column h-column-container d-flex h-col-lg-auto h-col-md-auto h-col-auto style-428-outer style-local-515-c7-outer\">\n            <div data-colibri-id=\"515-c7\" class=\"d-flex h-flex-basis h-column__inner h-px-lg-2 h-px-md-2 h-px-2 v-inner-lg-2 v-inner-md-2 v-inner-2 style-428 style-local-515-c7 position-relative\">\n              <!---->\n              <!---->\n              <div class=\"w-100 h-y-container h-column__content h-column__v-align flex-basis-100 align-self-lg-start align-self-md-start align-self-start\">\n                <!---->\n                <div data-colibri-id=\"515-c8\" class=\"h-x-container style-433 style-local-515-c8 position-relative h-element\">\n                  <!---->\n                  <div class=\"h-x-container-inner style-dynamic-515-c8-group style-433-spacing style-local-515-c8-spacing\"><span class=\"h-button__outer style-434-outer style-local-515-c9-outer d-inline-flex h-element\"><a h-use-smooth-scroll=\"true\" href=\"http:\/\/marist-en-mission.com\/wp-content\/uploads\/2020\/12\/181_Octobre-Novembre-D\u00e9cembre-2020_FR.pdf\"  data-colibri-id=\"515-c9\" class=\"d-flex w-100 align-items-center h-button justify-content-lg-center justify-content-md-center justify-content-center style-434 style-local-515-c9 position-relative\"><!----><!----> <span>PDF &#8211; Fran\u00e7ais<\/span><\/a>\n                    <\/span>\n                  <\/div>\n                <\/div>\n              <\/div>\n            <\/div>\n          <\/div>\n          <div class=\"h-column h-column-container d-flex h-col-lg-auto h-col-md-auto h-col-auto style-429-outer style-local-515-c10-outer\">\n            <div data-colibri-id=\"515-c10\" class=\"d-flex h-flex-basis h-column__inner h-px-lg-2 h-px-md-2 h-px-2 v-inner-lg-2 v-inner-md-2 v-inner-2 style-429 style-local-515-c10 position-relative\">\n              <!---->\n              <!---->\n              <div class=\"w-100 h-y-container h-column__content h-column__v-align flex-basis-100 align-self-lg-start align-self-md-start align-self-start\">\n                <!---->\n                <div data-colibri-id=\"515-c11\" class=\"h-x-container style-435 style-local-515-c11 position-relative h-element\">\n                  <!---->\n                  <div class=\"h-x-container-inner style-dynamic-515-c11-group style-435-spacing style-local-515-c11-spacing\"><span class=\"h-button__outer style-436-outer style-local-515-c12-outer d-inline-flex h-element\"><a h-use-smooth-scroll=\"true\" href=\"http:\/\/marist-en-mission.com\/wp-content\/uploads\/2020\/12\/181_Octobre-Novembre-D\u00e9cembre-2020_NL.pdf\"  data-colibri-id=\"515-c12\" class=\"d-flex w-100 align-items-center h-button justify-content-lg-center justify-content-md-center justify-content-center style-436 style-local-515-c12 position-relative\"><!----><!----> <span>PDF &#8211; Nederlands<\/span><\/a>\n                    <\/span>\n                  <\/div>\n                <\/div>\n              <\/div>\n            <\/div>\n          <\/div>\n          <div class=\"h-column h-column-container d-flex h-col-lg-auto h-col-md-auto h-col-auto style-437-outer style-local-515-c13-outer\">\n            <div data-colibri-id=\"515-c13\" class=\"d-flex h-flex-basis h-column__inner h-px-lg-2 h-px-md-2 h-px-2 v-inner-lg-2 v-inner-md-2 v-inner-2 style-437 style-local-515-c13 position-relative\">\n              <!---->\n              <!---->\n              <div class=\"w-100 h-y-container h-column__content h-column__v-align flex-basis-100 align-self-lg-start align-self-md-start align-self-start\">\n                <!---->\n                <div data-colibri-id=\"515-c14\" class=\"h-x-container style-438 style-local-515-c14 position-relative h-element\">\n                  <!---->\n                  <div class=\"h-x-container-inner style-dynamic-515-c14-group style-438-spacing style-local-515-c14-spacing\"><span class=\"h-button__outer style-439-outer style-local-515-c15-outer d-inline-flex h-element\"><a h-use-smooth-scroll=\"true\" href=\"http:\/\/marist-en-mission.com\/wp-content\/uploads\/2020\/12\/181_Octobre-Novembre-D\u00e9cembre-2020_DE.pdf\"  data-colibri-id=\"515-c15\" class=\"d-flex w-100 align-items-center h-button justify-content-lg-center justify-content-md-center justify-content-center style-439 style-local-515-c15 position-relative\"><!----><!----> <span>PDF &#8211; German<\/span><\/a>\n                    <\/span>\n                  <\/div>\n                <\/div>\n              <\/div>\n            <\/div>\n          <\/div>\n        <\/div>\n      <\/div>\n    <\/div>\n  <\/div>\n  <div data-colibri-component=\"section\" data-colibri-id=\"515-c16\" id=\"custom\" class=\"h-section h-section-global-spacing d-flex align-items-lg-center align-items-md-center align-items-center style-602 style-local-515-c16 position-relative\">\n    <!---->\n    <!---->\n    <div class=\"h-section-grid-container h-section-boxed-container\">\n      <!---->\n      <div data-colibri-id=\"515-c17\" class=\"h-row-container gutters-row-lg-2 gutters-row-md-2 gutters-row-0 gutters-row-v-lg-2 gutters-row-v-md-2 gutters-row-v-2 style-607 style-local-515-c17 position-relative\">\n        <!---->\n        <div class=\"h-row justify-content-lg-center justify-content-md-center justify-content-center align-items-lg-stretch align-items-md-stretch align-items-stretch gutters-col-lg-2 gutters-col-md-2 gutters-col-0 gutters-col-v-lg-2 gutters-col-v-md-2 gutters-col-v-2\">\n          <!---->\n          <div class=\"h-column h-column-container d-flex h-col-lg-auto h-col-md-auto h-col-auto style-608-outer style-local-515-c18-outer\">\n            <div data-colibri-id=\"515-c18\" class=\"d-flex h-flex-basis h-column__inner h-px-lg-2 h-px-md-2 h-px-2 v-inner-lg-2 v-inner-md-2 v-inner-2 style-608 style-local-515-c18 position-relative\">\n              <!---->\n              <!---->\n              <div class=\"w-100 h-y-container h-column__content h-column__v-align flex-basis-100 align-self-lg-start align-self-md-start align-self-start\">\n                <!---->\n                <div data-colibri-id=\"515-c19\" class=\"h-global-transition-all h-heading style-611 style-local-515-c19 position-relative h-element\">\n                  <!---->\n                  <div class=\"h-heading__outer style-611 style-local-515-c19\">\n                    <!---->\n                    <!---->\n                    <h1 class=\"\">182 &#8211; Janvier, f\u00e9vrier, mars 2021<\/h1>\n                  <\/div>\n                <\/div>\n              <\/div>\n            <\/div>\n          <\/div>\n        <\/div>\n      <\/div>\n      <div data-colibri-id=\"515-c20\" class=\"h-row-container gutters-row-lg-2 gutters-row-md-2 gutters-row-0 gutters-row-v-lg-2 gutters-row-v-md-2 gutters-row-v-2 style-603 style-local-515-c20 position-relative\">\n        <!---->\n        <div class=\"h-row justify-content-lg-center justify-content-md-center justify-content-center align-items-lg-stretch align-items-md-stretch align-items-stretch gutters-col-lg-2 gutters-col-md-2 gutters-col-0 gutters-col-v-lg-2 gutters-col-v-md-2 gutters-col-v-2\">\n          <!---->\n          <div class=\"h-column h-column-container d-flex h-col-lg-auto h-col-md-auto h-col-auto style-604-outer style-local-515-c21-outer\">\n            <div data-colibri-id=\"515-c21\" class=\"d-flex h-flex-basis h-column__inner h-px-lg-2 h-px-md-2 h-px-2 v-inner-lg-2 v-inner-md-2 v-inner-2 style-604 style-local-515-c21 position-relative\">\n              <!---->\n              <!---->\n              <div class=\"w-100 h-y-container h-column__content h-column__v-align flex-basis-100 align-self-lg-start align-self-md-start align-self-start\">\n                <!---->\n                <div data-colibri-id=\"515-c32\" class=\"h-x-container style-623 style-local-515-c32 position-relative h-element\">\n                  <!---->\n                  <div class=\"h-x-container-inner style-dynamic-515-c32-group style-623-spacing style-local-515-c32-spacing\"><span class=\"h-button__outer style-624-outer style-local-515-c33-outer d-inline-flex h-element\"><a h-use-smooth-scroll=\"true\" href=\"https:\/\/marist-en-mission.com\/wp-content\/uploads\/2021\/08\/182-Janvier-FR-Fe\u0301vrier-Mars-2021.pdf\"  data-colibri-id=\"515-c33\" class=\"d-flex w-100 align-items-center h-button justify-content-lg-center justify-content-md-center justify-content-center style-624 style-local-515-c33 position-relative\"><!----><!----> <span>PDF &#8211; Fran\u00e7ais<\/span><\/a>\n                    <\/span>\n                  <\/div>\n                <\/div>\n              <\/div>\n            <\/div>\n          <\/div>\n          <div class=\"h-column h-column-container d-flex h-col-lg-auto h-col-md-auto h-col-auto style-605-outer style-local-515-c22-outer\">\n            <div data-colibri-id=\"515-c22\" class=\"d-flex h-flex-basis h-column__inner h-px-lg-2 h-px-md-2 h-px-2 v-inner-lg-2 v-inner-md-2 v-inner-2 style-605 style-local-515-c22 position-relative\">\n              <!---->\n              <!---->\n              <div class=\"w-100 h-y-container h-column__content h-column__v-align flex-basis-100 align-self-lg-start align-self-md-start align-self-start\">\n                <!---->\n                <div data-colibri-id=\"515-c34\" class=\"h-x-container style-625 style-local-515-c34 position-relative h-element\">\n                  <!---->\n                  <div class=\"h-x-container-inner style-dynamic-515-c34-group style-625-spacing style-local-515-c34-spacing\"><span class=\"h-button__outer style-626-outer style-local-515-c35-outer d-inline-flex h-element\"><a h-use-smooth-scroll=\"true\" href=\"https:\/\/marist-en-mission.com\/wp-content\/uploads\/2021\/08\/182-Janvier-NL-Fe\u0301vrier-Mars-2021.pdf\"  data-colibri-id=\"515-c35\" class=\"d-flex w-100 align-items-center h-button justify-content-lg-center justify-content-md-center justify-content-center style-626 style-local-515-c35 position-relative\"><!----><!----> <span>PDF &#8211; Nederlands<\/span><\/a>\n                    <\/span>\n                  <\/div>\n                <\/div>\n              <\/div>\n            <\/div>\n          <\/div>\n        <\/div>\n      <\/div>\n    <\/div>\n  <\/div>\n  <div data-colibri-component=\"section\" data-colibri-id=\"515-c24\" id=\"custom-2\" class=\"h-section h-section-global-spacing d-flex align-items-lg-center align-items-md-center align-items-center style-612 style-local-515-c24 position-relative\">\n    <!---->\n    <!---->\n    <div class=\"h-section-grid-container h-section-boxed-container\">\n      <!---->\n      <div data-colibri-id=\"515-c25\" class=\"h-row-container gutters-row-lg-2 gutters-row-md-2 gutters-row-0 gutters-row-v-lg-2 gutters-row-v-md-2 gutters-row-v-2 style-620 style-local-515-c25 position-relative\">\n        <!---->\n        <div class=\"h-row justify-content-lg-center justify-content-md-center justify-content-center align-items-lg-stretch align-items-md-stretch align-items-stretch gutters-col-lg-2 gutters-col-md-2 gutters-col-0 gutters-col-v-lg-2 gutters-col-v-md-2 gutters-col-v-2\">\n          <!---->\n          <div class=\"h-column h-column-container d-flex h-col-lg-auto h-col-md-auto h-col-auto style-621-outer style-local-515-c26-outer\">\n            <div data-colibri-id=\"515-c26\" class=\"d-flex h-flex-basis h-column__inner h-px-lg-2 h-px-md-2 h-px-2 v-inner-lg-2 v-inner-md-2 v-inner-2 style-621 style-local-515-c26 position-relative\">\n              <!---->\n              <!---->\n              <div class=\"w-100 h-y-container h-column__content h-column__v-align flex-basis-100 align-self-lg-start align-self-md-start align-self-start\">\n                <!---->\n                <div data-colibri-id=\"515-c27\" class=\"h-global-transition-all h-heading style-622 style-local-515-c27 position-relative h-element\">\n                  <!---->\n                  <div class=\"h-heading__outer style-622 style-local-515-c27\">\n                    <!---->\n                    <!---->\n                    <h1 class=\"\">183 &#8211; Avril, mai, juin 2021<\/h1>\n                  <\/div>\n                <\/div>\n              <\/div>\n            <\/div>\n          <\/div>\n        <\/div>\n      <\/div>\n      <div data-colibri-id=\"515-c28\" class=\"h-row-container gutters-row-lg-2 gutters-row-md-2 gutters-row-0 gutters-row-v-lg-2 gutters-row-v-md-2 gutters-row-v-2 style-613 style-local-515-c28 position-relative\">\n        <!---->\n        <div class=\"h-row justify-content-lg-center justify-content-md-center justify-content-center align-items-lg-stretch align-items-md-stretch align-items-stretch gutters-col-lg-2 gutters-col-md-2 gutters-col-0 gutters-col-v-lg-2 gutters-col-v-md-2 gutters-col-v-2\">\n          <!---->\n          <div class=\"h-column h-column-container d-flex h-col-lg-auto h-col-md-auto h-col-auto style-614-outer style-local-515-c29-outer\">\n            <div data-colibri-id=\"515-c29\" class=\"d-flex h-flex-basis h-column__inner h-px-lg-2 h-px-md-2 h-px-2 v-inner-lg-2 v-inner-md-2 v-inner-2 style-614 style-local-515-c29 position-relative\">\n              <!---->\n              <!---->\n              <div class=\"w-100 h-y-container h-column__content h-column__v-align flex-basis-100 align-self-lg-start align-self-md-start align-self-start\">\n                <!---->\n                <div data-colibri-id=\"515-c36\" class=\"h-x-container style-627 style-local-515-c36 position-relative h-element\">\n                  <!---->\n                  <div class=\"h-x-container-inner style-dynamic-515-c36-group style-627-spacing style-local-515-c36-spacing\"><span class=\"h-button__outer style-628-outer style-local-515-c37-outer d-inline-flex h-element\"><a h-use-smooth-scroll=\"true\" href=\"https:\/\/marist-en-mission.com\/wp-content\/uploads\/2021\/08\/183-Avril-Mai-Juin-2021_FR.pdf\"  data-colibri-id=\"515-c37\" class=\"d-flex w-100 align-items-center h-button justify-content-lg-center justify-content-md-center justify-content-center style-628 style-local-515-c37 position-relative\"><!----><!----> <span>PDF &#8211; Fran\u00e7ais<\/span><\/a>\n                    <\/span>\n                  <\/div>\n                <\/div>\n              <\/div>\n            <\/div>\n          <\/div>\n          <div class=\"h-column h-column-container d-flex h-col-lg-auto h-col-md-auto h-col-auto style-616-outer style-local-515-c31-outer\">\n            <div data-colibri-id=\"515-c31\" class=\"d-flex h-flex-basis h-column__inner h-px-lg-2 h-px-md-2 h-px-2 v-inner-lg-2 v-inner-md-2 v-inner-2 style-616 style-local-515-c31 position-relative\">\n              <!---->\n              <!---->\n              <div class=\"w-100 h-y-container h-column__content h-column__v-align flex-basis-100 align-self-lg-start align-self-md-start align-self-start\">\n                <!---->\n                <div data-colibri-id=\"515-c38\" class=\"h-x-container style-629 style-local-515-c38 position-relative h-element\">\n                  <!---->\n                  <div class=\"h-x-container-inner style-dynamic-515-c38-group style-629-spacing style-local-515-c38-spacing\"><span class=\"h-button__outer style-630-outer style-local-515-c39-outer d-inline-flex h-element\"><a h-use-smooth-scroll=\"true\" href=\"https:\/\/marist-en-mission.com\/wp-content\/uploads\/2021\/08\/183-Avril-Mai-Juin-2021_NL.pdf\"  data-colibri-id=\"515-c39\" class=\"d-flex w-100 align-items-center h-button justify-content-lg-center justify-content-md-center justify-content-center style-630 style-local-515-c39 position-relative\"><!----><!----> <span>PDF &#8211; Nederlands<\/span><\/a>\n                    <\/span>\n                  <\/div>\n                <\/div>\n              <\/div>\n            <\/div>\n          <\/div>\n        <\/div>\n      <\/div>\n    <\/div>\n  <\/div>\n<\/div>","protected":false},"excerpt":{"rendered":"<p>181 &#8211; Octobre, novembre, d\u00e9cembre 2020 PDF &#8211; Fran\u00e7ais PDF &#8211; Nederlands PDF &#8211; German 182 &#8211; Janvier, f\u00e9vrier, mars 2021 PDF &#8211; Fran\u00e7ais PDF &#8211; Nederlands 183 &#8211; Avril, mai, juin 2021 PDF &#8211; Fran\u00e7ais PDF &#8211; Nederlands<\/p>\n","protected":false},"author":2,"featured_media":0,"parent":0,"menu_order":0,"comment_status":"closed","ping_status":"closed","template":"page-templates\/full-width-page.php","meta":[],"yoast_head":"<!-- This site is optimized with the Yoast SEO plugin v17.1 - https:\/\/yoast.com\/wordpress\/plugins\/seo\/ -->\n<title>Bulletins trimestriels - Maristes en mission<\/title>\n<meta name=\"robots\" content=\"index, follow, max-snippet:-1, max-image-preview:large, max-video-preview:-1\" \/>\n<link rel=\"canonical\" href=\"https:\/\/marist-en-mission.com\/index.php\/bulletins-trimestriels\/\" \/>\n<meta property=\"og:locale\" content=\"en_US\" \/>\n<meta property=\"og:type\" content=\"article\" \/>\n<meta property=\"og:title\" content=\"Bulletins trimestriels - Maristes en mission\" \/>\n<meta property=\"og:description\" content=\"181 &#8211; Octobre, novembre, d\u00e9cembre 2020 PDF &#8211; Fran\u00e7ais PDF &#8211; Nederlands PDF &#8211; German 182 &#8211; Janvier, f\u00e9vrier, mars 2021 PDF &#8211; Fran\u00e7ais PDF &#8211; Nederlands 183 &#8211; Avril, mai, juin 2021 PDF &#8211; Fran\u00e7ais PDF &#8211; Nederlands\" \/>\n<meta property=\"og:url\" content=\"https:\/\/marist-en-mission.com\/index.php\/bulletins-trimestriels\/\" \/>\n<meta property=\"og:site_name\" content=\"Maristes en mission\" \/>\n<meta property=\"article:modified_time\" content=\"2021-08-16T08:06:43+00:00\" \/>\n<meta name=\"twitter:card\" content=\"summary_large_image\" \/>\n<script type=\"application\/ld+json\" class=\"yoast-schema-graph\">{\"@context\":\"https:\/\/schema.org\",\"@graph\":[{\"@type\":\"WebSite\",\"@id\":\"https:\/\/marist-en-mission.com\/#website\",\"url\":\"https:\/\/marist-en-mission.com\/\",\"name\":\"Maristes en mission\",\"description\":\"\",\"potentialAction\":[{\"@type\":\"SearchAction\",\"target\":{\"@type\":\"EntryPoint\",\"urlTemplate\":\"https:\/\/marist-en-mission.com\/?s={search_term_string}\"},\"query-input\":\"required name=search_term_string\"}],\"inLanguage\":\"en-US\"},{\"@type\":\"WebPage\",\"@id\":\"https:\/\/marist-en-mission.com\/index.php\/bulletins-trimestriels\/#webpage\",\"url\":\"https:\/\/marist-en-mission.com\/index.php\/bulletins-trimestriels\/\",\"name\":\"Bulletins trimestriels - Maristes en mission\",\"isPartOf\":{\"@id\":\"https:\/\/marist-en-mission.com\/#website\"},\"datePublished\":\"2020-09-21T16:22:55+00:00\",\"dateModified\":\"2021-08-16T08:06:43+00:00\",\"breadcrumb\":{\"@id\":\"https:\/\/marist-en-mission.com\/index.php\/bulletins-trimestriels\/#breadcrumb\"},\"inLanguage\":\"en-US\",\"potentialAction\":[{\"@type\":\"ReadAction\",\"target\":[\"https:\/\/marist-en-mission.com\/index.php\/bulletins-trimestriels\/\"]}]},{\"@type\":\"BreadcrumbList\",\"@id\":\"https:\/\/marist-en-mission.com\/index.php\/bulletins-trimestriels\/#breadcrumb\",\"itemListElement\":[{\"@type\":\"ListItem\",\"position\":1,\"name\":\"Home\",\"item\":\"https:\/\/marist-en-mission.com\/\"},{\"@type\":\"ListItem\",\"position\":2,\"name\":\"Bulletins trimestriels\"}]}]}<\/script>\n<!-- \/ Yoast SEO plugin. -->","yoast_head_json":{"title":"Bulletins trimestriels - Maristes en mission","robots":{"index":"index","follow":"follow","max-snippet":"max-snippet:-1","max-image-preview":"max-image-preview:large","max-video-preview":"max-video-preview:-1"},"canonical":"https:\/\/marist-en-mission.com\/index.php\/bulletins-trimestriels\/","og_locale":"en_US","og_type":"article","og_title":"Bulletins trimestriels - Maristes en mission","og_description":"181 &#8211; Octobre, novembre, d\u00e9cembre 2020 PDF &#8211; Fran\u00e7ais PDF &#8211; Nederlands PDF &#8211; German 182 &#8211; Janvier, f\u00e9vrier, mars 2021 PDF &#8211; Fran\u00e7ais PDF &#8211; Nederlands 183 &#8211; Avril, mai, juin 2021 PDF &#8211; Fran\u00e7ais PDF &#8211; Nederlands","og_url":"https:\/\/marist-en-mission.com\/index.php\/bulletins-trimestriels\/","og_site_name":"Maristes en mission","article_modified_time":"2021-08-16T08:06:43+00:00","twitter_card":"summary_large_image","schema":{"@context":"https:\/\/schema.org","@graph":[{"@type":"WebSite","@id":"https:\/\/marist-en-mission.com\/#website","url":"https:\/\/marist-en-mission.com\/","name":"Maristes en mission","description":"","potentialAction":[{"@type":"SearchAction","target":{"@type":"EntryPoint","urlTemplate":"https:\/\/marist-en-mission.com\/?s={search_term_string}"},"query-input":"required name=search_term_string"}],"inLanguage":"en-US"},{"@type":"WebPage","@id":"https:\/\/marist-en-mission.com\/index.php\/bulletins-trimestriels\/#webpage","url":"https:\/\/marist-en-mission.com\/index.php\/bulletins-trimestriels\/","name":"Bulletins trimestriels - Maristes en mission","isPartOf":{"@id":"https:\/\/marist-en-mission.com\/#website"},"datePublished":"2020-09-21T16:22:55+00:00","dateModified":"2021-08-16T08:06:43+00:00","breadcrumb":{"@id":"https:\/\/marist-en-mission.com\/index.php\/bulletins-trimestriels\/#breadcrumb"},"inLanguage":"en-US","potentialAction":[{"@type":"ReadAction","target":["https:\/\/marist-en-mission.com\/index.php\/bulletins-trimestriels\/"]}]},{"@type":"BreadcrumbList","@id":"https:\/\/marist-en-mission.com\/index.php\/bulletins-trimestriels\/#breadcrumb","itemListElement":[{"@type":"ListItem","position":1,"name":"Home","item":"https:\/\/marist-en-mission.com\/"},{"@type":"ListItem","position":2,"name":"Bulletins trimestriels"}]}]}},"_links":{"self":[{"href":"https:\/\/marist-en-mission.com\/index.php\/wp-json\/wp\/v2\/pages\/515"}],"collection":[{"href":"https:\/\/marist-en-mission.com\/index.php\/wp-json\/wp\/v2\/pages"}],"about":[{"href":"https:\/\/marist-en-mission.com\/index.php\/wp-json\/wp\/v2\/types\/page"}],"author":[{"embeddable":true,"href":"https:\/\/marist-en-mission.com\/index.php\/wp-json\/wp\/v2\/users\/2"}],"replies":[{"embeddable":true,"href":"https:\/\/marist-en-mission.com\/index.php\/wp-json\/wp\/v2\/comments?post=515"}],"version-history":[{"count":9,"href":"https:\/\/marist-en-mission.com\/index.php\/wp-json\/wp\/v2\/pages\/515\/revisions"}],"predecessor-version":[{"id":1034,"href":"https:\/\/marist-en-mission.com\/index.php\/wp-json\/wp\/v2\/pages\/515\/revisions\/1034"}],"wp:attachment":[{"href":"https:\/\/marist-en-mission.com\/index.php\/wp-json\/wp\/v2\/media?parent=515"}],"curies":[{"name":"wp","href":"https:\/\/api.w.org\/{rel}","templated":true}]}}