{"id":454,"date":"2020-09-08T11:44:17","date_gmt":"2020-09-08T09:44:17","guid":{"rendered":"http:\/\/marist-en-mission.com\/?page_id=454"},"modified":"2020-09-08T11:44:18","modified_gmt":"2020-09-08T09:44:18","slug":"credit-images-et-photos","status":"publish","type":"page","link":"https:\/\/marist-en-mission.com\/index.php\/credit-images-et-photos\/","title":{"rendered":"Cr\u00e9dit images et photos :"},"content":{"rendered":"\n<ul><li>Institut des Fr\u00e8res Maristes<\/li><li>Organisations&nbsp;: <ul><li>Ordre de Saint-Lazare<\/li><\/ul><ul><li>ASBL Proma<\/li><\/ul><ul><li>Maristen Solidarit\u00e4t\nInternational<\/li><\/ul><\/li><li><a href=\"https:\/\/pixabay.com\/\">Pixabay<\/a>&nbsp;: images libres de droit<\/li><\/ul>\n","protected":false},"excerpt":{"rendered":"<p>Institut des Fr\u00e8res Maristes Organisations&nbsp;: Ordre de Saint-Lazare ASBL Proma Maristen Solidarit\u00e4t International Pixabay&nbsp;: images libres de droit<\/p>\n","protected":false},"author":2,"featured_media":0,"parent":0,"menu_order":0,"comment_status":"closed","ping_status":"closed","template":"","meta":[],"yoast_head":"<!-- This site is optimized with the Yoast SEO plugin v17.1 - https:\/\/yoast.com\/wordpress\/plugins\/seo\/ -->\n<title>Cr\u00e9dit images et photos : - Maristes en mission<\/title>\n<meta name=\"robots\" content=\"index, follow, max-snippet:-1, max-image-preview:large, max-video-preview:-1\" \/>\n<link rel=\"canonical\" href=\"https:\/\/marist-en-mission.com\/index.php\/credit-images-et-photos\/\" \/>\n<meta property=\"og:locale\" content=\"en_US\" \/>\n<meta property=\"og:type\" content=\"article\" \/>\n<meta property=\"og:title\" content=\"Cr\u00e9dit images et photos : - Maristes en mission\" \/>\n<meta property=\"og:description\" content=\"Institut des Fr\u00e8res Maristes Organisations&nbsp;: Ordre de Saint-Lazare ASBL Proma Maristen Solidarit\u00e4t International Pixabay&nbsp;: images libres de droit\" \/>\n<meta property=\"og:url\" content=\"https:\/\/marist-en-mission.com\/index.php\/credit-images-et-photos\/\" \/>\n<meta property=\"og:site_name\" content=\"Maristes en mission\" \/>\n<meta property=\"article:modified_time\" content=\"2020-09-08T09:44:18+00:00\" \/>\n<meta name=\"twitter:card\" content=\"summary_large_image\" \/>\n<script type=\"application\/ld+json\" class=\"yoast-schema-graph\">{\"@context\":\"https:\/\/schema.org\",\"@graph\":[{\"@type\":\"WebSite\",\"@id\":\"https:\/\/marist-en-mission.com\/#website\",\"url\":\"https:\/\/marist-en-mission.com\/\",\"name\":\"Maristes en mission\",\"description\":\"\",\"potentialAction\":[{\"@type\":\"SearchAction\",\"target\":{\"@type\":\"EntryPoint\",\"urlTemplate\":\"https:\/\/marist-en-mission.com\/?s={search_term_string}\"},\"query-input\":\"required name=search_term_string\"}],\"inLanguage\":\"en-US\"},{\"@type\":\"WebPage\",\"@id\":\"https:\/\/marist-en-mission.com\/index.php\/credit-images-et-photos\/#webpage\",\"url\":\"https:\/\/marist-en-mission.com\/index.php\/credit-images-et-photos\/\",\"name\":\"Cr\\u00e9dit images et photos : - Maristes en mission\",\"isPartOf\":{\"@id\":\"https:\/\/marist-en-mission.com\/#website\"},\"datePublished\":\"2020-09-08T09:44:17+00:00\",\"dateModified\":\"2020-09-08T09:44:18+00:00\",\"breadcrumb\":{\"@id\":\"https:\/\/marist-en-mission.com\/index.php\/credit-images-et-photos\/#breadcrumb\"},\"inLanguage\":\"en-US\",\"potentialAction\":[{\"@type\":\"ReadAction\",\"target\":[\"https:\/\/marist-en-mission.com\/index.php\/credit-images-et-photos\/\"]}]},{\"@type\":\"BreadcrumbList\",\"@id\":\"https:\/\/marist-en-mission.com\/index.php\/credit-images-et-photos\/#breadcrumb\",\"itemListElement\":[{\"@type\":\"ListItem\",\"position\":1,\"name\":\"Home\",\"item\":\"https:\/\/marist-en-mission.com\/\"},{\"@type\":\"ListItem\",\"position\":2,\"name\":\"Cr\\u00e9dit images et photos :\"}]}]}<\/script>\n<!-- \/ Yoast SEO plugin. -->","yoast_head_json":{"title":"Cr\u00e9dit images et photos : - Maristes en mission","robots":{"index":"index","follow":"follow","max-snippet":"max-snippet:-1","max-image-preview":"max-image-preview:large","max-video-preview":"max-video-preview:-1"},"canonical":"https:\/\/marist-en-mission.com\/index.php\/credit-images-et-photos\/","og_locale":"en_US","og_type":"article","og_title":"Cr\u00e9dit images et photos : - Maristes en mission","og_description":"Institut des Fr\u00e8res Maristes Organisations&nbsp;: Ordre de Saint-Lazare ASBL Proma Maristen Solidarit\u00e4t International Pixabay&nbsp;: images libres de droit","og_url":"https:\/\/marist-en-mission.com\/index.php\/credit-images-et-photos\/","og_site_name":"Maristes en mission","article_modified_time":"2020-09-08T09:44:18+00:00","twitter_card":"summary_large_image","schema":{"@context":"https:\/\/schema.org","@graph":[{"@type":"WebSite","@id":"https:\/\/marist-en-mission.com\/#website","url":"https:\/\/marist-en-mission.com\/","name":"Maristes en mission","description":"","potentialAction":[{"@type":"SearchAction","target":{"@type":"EntryPoint","urlTemplate":"https:\/\/marist-en-mission.com\/?s={search_term_string}"},"query-input":"required name=search_term_string"}],"inLanguage":"en-US"},{"@type":"WebPage","@id":"https:\/\/marist-en-mission.com\/index.php\/credit-images-et-photos\/#webpage","url":"https:\/\/marist-en-mission.com\/index.php\/credit-images-et-photos\/","name":"Cr\u00e9dit images et photos : - Maristes en mission","isPartOf":{"@id":"https:\/\/marist-en-mission.com\/#website"},"datePublished":"2020-09-08T09:44:17+00:00","dateModified":"2020-09-08T09:44:18+00:00","breadcrumb":{"@id":"https:\/\/marist-en-mission.com\/index.php\/credit-images-et-photos\/#breadcrumb"},"inLanguage":"en-US","potentialAction":[{"@type":"ReadAction","target":["https:\/\/marist-en-mission.com\/index.php\/credit-images-et-photos\/"]}]},{"@type":"BreadcrumbList","@id":"https:\/\/marist-en-mission.com\/index.php\/credit-images-et-photos\/#breadcrumb","itemListElement":[{"@type":"ListItem","position":1,"name":"Home","item":"https:\/\/marist-en-mission.com\/"},{"@type":"ListItem","position":2,"name":"Cr\u00e9dit images et photos :"}]}]}},"_links":{"self":[{"href":"https:\/\/marist-en-mission.com\/index.php\/wp-json\/wp\/v2\/pages\/454"}],"collection":[{"href":"https:\/\/marist-en-mission.com\/index.php\/wp-json\/wp\/v2\/pages"}],"about":[{"href":"https:\/\/marist-en-mission.com\/index.php\/wp-json\/wp\/v2\/types\/page"}],"author":[{"embeddable":true,"href":"https:\/\/marist-en-mission.com\/index.php\/wp-json\/wp\/v2\/users\/2"}],"replies":[{"embeddable":true,"href":"https:\/\/marist-en-mission.com\/index.php\/wp-json\/wp\/v2\/comments?post=454"}],"version-history":[{"count":1,"href":"https:\/\/marist-en-mission.com\/index.php\/wp-json\/wp\/v2\/pages\/454\/revisions"}],"predecessor-version":[{"id":455,"href":"https:\/\/marist-en-mission.com\/index.php\/wp-json\/wp\/v2\/pages\/454\/revisions\/455"}],"wp:attachment":[{"href":"https:\/\/marist-en-mission.com\/index.php\/wp-json\/wp\/v2\/media?parent=454"}],"curies":[{"name":"wp","href":"https:\/\/api.w.org\/{rel}","templated":true}]}}