{"id":12,"date":"2020-07-20T15:37:23","date_gmt":"2020-07-20T13:37:23","guid":{"rendered":"http:\/\/marist-en-mission.com\/?page_id=12"},"modified":"2021-12-23T09:32:40","modified_gmt":"2021-12-23T08:32:40","slug":"contact","status":"publish","type":"page","link":"https:\/\/marist-en-mission.com\/index.php\/contact\/","title":{"rendered":"Contact"},"content":{"rendered":"<div data-colibri-id=\"12-c1\" class=\"style-246 style-local-12-c1 position-relative\">\n  <!---->\n  <div data-colibri-component=\"section\" data-colibri-id=\"12-c2\" id=\"about\" class=\"h-section h-section-global-spacing d-flex align-items-lg-center align-items-md-center align-items-center style-251 style-local-12-c2 position-relative\">\n    <!---->\n    <!---->\n    <div class=\"h-section-grid-container h-section-boxed-container\">\n      <!---->\n      <div data-colibri-id=\"12-c3\" class=\"h-row-container gutters-row-lg-0 gutters-row-md-0 gutters-row-0 gutters-row-v-lg-0 gutters-row-v-md-0 gutters-row-v-0 style-252 style-local-12-c3 position-relative\">\n        <!---->\n        <div class=\"h-row justify-content-lg-center justify-content-md-center justify-content-center align-items-lg-stretch align-items-md-stretch align-items-stretch gutters-col-lg-0 gutters-col-md-0 gutters-col-0 gutters-col-v-lg-0 gutters-col-v-md-0 gutters-col-v-0\">\n          <!---->\n          <div class=\"h-column h-column-container d-flex h-col-lg-auto h-col-md-auto h-col-auto style-253-outer style-local-12-c4-outer\">\n            <div data-colibri-id=\"12-c4\" class=\"d-flex h-flex-basis h-column__inner h-px-lg-0 h-px-md-0 h-px-0 v-inner-lg-0 v-inner-md-0 v-inner-0 style-253 style-local-12-c4 position-relative\">\n              <!---->\n              <!---->\n              <div class=\"w-100 h-y-container h-column__content h-column__v-align flex-basis-100 align-self-lg-start align-self-md-start align-self-start\">\n                <!---->\n                <div data-colibri-id=\"12-c5\" class=\"h-text h-text-component style-256 style-local-12-c5 position-relative h-element\">\n                  <!---->\n                  <!---->\n                  <div class=\"\">\n                    <p>Fr\u00e8res Maristes ASBL<\/p>\n                    <p>\u0152uvre Missionnaire<\/p>\n                    <p>Rue de Linthout 91<\/p>\n                    <p>1030 Bruxelles<\/p>\n                    <p>\n                      <br>\n                    <\/p>\n                    <p>Fr\u00e8re Maurice Taildeman&nbsp;: +32 (0) 497 50 26 31<\/p>\n                    <p>\n                      <br>\n                    <\/p>\n                    <p><span style=\"color: black;\">Courriel&nbsp;: <\/span>\n                      <a href=\"mailto:oeuvre.missionnaire.mariste@gmail.com\" style=\"color: rgb(5, 99, 193);\">oeuvre.missionnaire.mariste@gmail.com<\/a>\n                    <\/p>\n                  <\/div>\n                <\/div>\n              <\/div>\n            <\/div>\n          <\/div>\n          <div class=\"h-column h-column-container d-flex h-col-lg-auto h-col-md-auto h-col-auto style-257-outer style-local-12-c6-outer\">\n            <div data-colibri-id=\"12-c6\" class=\"d-flex h-flex-basis h-column__inner h-ui-empty-state-container h-px-lg-2 h-px-md-2 h-px-2 v-inner-lg-2 v-inner-md-2 v-inner-2 style-257 style-local-12-c6 position-relative\">\n              <!---->\n              <!---->\n              <div class=\"w-100 h-y-container h-column__content h-column__v-align flex-basis-100\">\n                <!---->\n              <\/div>\n            <\/div>\n          <\/div>\n        <\/div>\n      <\/div>\n    <\/div>\n  <\/div>\n<\/div>","protected":false},"excerpt":{"rendered":"<p>Fr\u00e8res Maristes ASBL \u0152uvre Missionnaire Rue de Linthout 91 1030 Bruxelles Fr\u00e8re Maurice Taildeman&nbsp;: +32 (0) 497 50 26 31 Courriel&nbsp;: oeuvre.missionnaire.mariste@gmail.com<\/p>\n","protected":false},"author":2,"featured_media":148,"parent":0,"menu_order":0,"comment_status":"closed","ping_status":"closed","template":"page-templates\/full-width-page.php","meta":[],"yoast_head":"<!-- This site is optimized with the Yoast SEO plugin v17.1 - https:\/\/yoast.com\/wordpress\/plugins\/seo\/ -->\n<title>Contact - Maristes en mission<\/title>\n<meta name=\"robots\" content=\"index, follow, max-snippet:-1, max-image-preview:large, max-video-preview:-1\" \/>\n<link rel=\"canonical\" href=\"https:\/\/marist-en-mission.com\/index.php\/contact\/\" \/>\n<meta property=\"og:locale\" content=\"en_US\" \/>\n<meta property=\"og:type\" content=\"article\" \/>\n<meta property=\"og:title\" content=\"Contact - Maristes en mission\" \/>\n<meta property=\"og:description\" content=\"Fr\u00e8res Maristes ASBL \u0152uvre Missionnaire Rue de Linthout 91 1030 Bruxelles Fr\u00e8re Maurice Taildeman&nbsp;: +32 (0) 497 50 26 31 Courriel&nbsp;: oeuvre.missionnaire.mariste@gmail.com\" \/>\n<meta property=\"og:url\" content=\"https:\/\/marist-en-mission.com\/index.php\/contact\/\" \/>\n<meta property=\"og:site_name\" content=\"Maristes en mission\" \/>\n<meta property=\"article:modified_time\" content=\"2021-12-23T08:32:40+00:00\" \/>\n<meta property=\"og:image\" content=\"https:\/\/marist-en-mission.com\/wp-content\/uploads\/2020\/08\/cropped-church-5476217_1920.jpg\" \/>\n\t<meta property=\"og:image:width\" content=\"1920\" \/>\n\t<meta property=\"og:image:height\" content=\"1080\" \/>\n<meta name=\"twitter:card\" content=\"summary_large_image\" \/>\n<script type=\"application\/ld+json\" class=\"yoast-schema-graph\">{\"@context\":\"https:\/\/schema.org\",\"@graph\":[{\"@type\":\"WebSite\",\"@id\":\"https:\/\/marist-en-mission.com\/#website\",\"url\":\"https:\/\/marist-en-mission.com\/\",\"name\":\"Maristes en mission\",\"description\":\"\",\"potentialAction\":[{\"@type\":\"SearchAction\",\"target\":{\"@type\":\"EntryPoint\",\"urlTemplate\":\"https:\/\/marist-en-mission.com\/?s={search_term_string}\"},\"query-input\":\"required name=search_term_string\"}],\"inLanguage\":\"en-US\"},{\"@type\":\"ImageObject\",\"@id\":\"https:\/\/marist-en-mission.com\/index.php\/contact\/#primaryimage\",\"inLanguage\":\"en-US\",\"url\":\"https:\/\/marist-en-mission.com\/wp-content\/uploads\/2020\/08\/cropped-church-5476217_1920.jpg\",\"contentUrl\":\"https:\/\/marist-en-mission.com\/wp-content\/uploads\/2020\/08\/cropped-church-5476217_1920.jpg\",\"width\":1920,\"height\":1080},{\"@type\":\"WebPage\",\"@id\":\"https:\/\/marist-en-mission.com\/index.php\/contact\/#webpage\",\"url\":\"https:\/\/marist-en-mission.com\/index.php\/contact\/\",\"name\":\"Contact - Maristes en mission\",\"isPartOf\":{\"@id\":\"https:\/\/marist-en-mission.com\/#website\"},\"primaryImageOfPage\":{\"@id\":\"https:\/\/marist-en-mission.com\/index.php\/contact\/#primaryimage\"},\"datePublished\":\"2020-07-20T13:37:23+00:00\",\"dateModified\":\"2021-12-23T08:32:40+00:00\",\"breadcrumb\":{\"@id\":\"https:\/\/marist-en-mission.com\/index.php\/contact\/#breadcrumb\"},\"inLanguage\":\"en-US\",\"potentialAction\":[{\"@type\":\"ReadAction\",\"target\":[\"https:\/\/marist-en-mission.com\/index.php\/contact\/\"]}]},{\"@type\":\"BreadcrumbList\",\"@id\":\"https:\/\/marist-en-mission.com\/index.php\/contact\/#breadcrumb\",\"itemListElement\":[{\"@type\":\"ListItem\",\"position\":1,\"name\":\"Home\",\"item\":\"https:\/\/marist-en-mission.com\/\"},{\"@type\":\"ListItem\",\"position\":2,\"name\":\"Contact\"}]}]}<\/script>\n<!-- \/ Yoast SEO plugin. -->","yoast_head_json":{"title":"Contact - Maristes en mission","robots":{"index":"index","follow":"follow","max-snippet":"max-snippet:-1","max-image-preview":"max-image-preview:large","max-video-preview":"max-video-preview:-1"},"canonical":"https:\/\/marist-en-mission.com\/index.php\/contact\/","og_locale":"en_US","og_type":"article","og_title":"Contact - Maristes en mission","og_description":"Fr\u00e8res Maristes ASBL \u0152uvre Missionnaire Rue de Linthout 91 1030 Bruxelles Fr\u00e8re Maurice Taildeman&nbsp;: +32 (0) 497 50 26 31 Courriel&nbsp;: oeuvre.missionnaire.mariste@gmail.com","og_url":"https:\/\/marist-en-mission.com\/index.php\/contact\/","og_site_name":"Maristes en mission","article_modified_time":"2021-12-23T08:32:40+00:00","og_image":[{"width":1920,"height":1080,"url":"https:\/\/marist-en-mission.com\/wp-content\/uploads\/2020\/08\/cropped-church-5476217_1920.jpg","path":"\/home\/maristp\/www\/wp-content\/uploads\/2020\/08\/cropped-church-5476217_1920.jpg","size":"full","id":148,"alt":"","pixels":2073600,"type":"image\/jpeg"}],"twitter_card":"summary_large_image","schema":{"@context":"https:\/\/schema.org","@graph":[{"@type":"WebSite","@id":"https:\/\/marist-en-mission.com\/#website","url":"https:\/\/marist-en-mission.com\/","name":"Maristes en mission","description":"","potentialAction":[{"@type":"SearchAction","target":{"@type":"EntryPoint","urlTemplate":"https:\/\/marist-en-mission.com\/?s={search_term_string}"},"query-input":"required name=search_term_string"}],"inLanguage":"en-US"},{"@type":"ImageObject","@id":"https:\/\/marist-en-mission.com\/index.php\/contact\/#primaryimage","inLanguage":"en-US","url":"https:\/\/marist-en-mission.com\/wp-content\/uploads\/2020\/08\/cropped-church-5476217_1920.jpg","contentUrl":"https:\/\/marist-en-mission.com\/wp-content\/uploads\/2020\/08\/cropped-church-5476217_1920.jpg","width":1920,"height":1080},{"@type":"WebPage","@id":"https:\/\/marist-en-mission.com\/index.php\/contact\/#webpage","url":"https:\/\/marist-en-mission.com\/index.php\/contact\/","name":"Contact - Maristes en mission","isPartOf":{"@id":"https:\/\/marist-en-mission.com\/#website"},"primaryImageOfPage":{"@id":"https:\/\/marist-en-mission.com\/index.php\/contact\/#primaryimage"},"datePublished":"2020-07-20T13:37:23+00:00","dateModified":"2021-12-23T08:32:40+00:00","breadcrumb":{"@id":"https:\/\/marist-en-mission.com\/index.php\/contact\/#breadcrumb"},"inLanguage":"en-US","potentialAction":[{"@type":"ReadAction","target":["https:\/\/marist-en-mission.com\/index.php\/contact\/"]}]},{"@type":"BreadcrumbList","@id":"https:\/\/marist-en-mission.com\/index.php\/contact\/#breadcrumb","itemListElement":[{"@type":"ListItem","position":1,"name":"Home","item":"https:\/\/marist-en-mission.com\/"},{"@type":"ListItem","position":2,"name":"Contact"}]}]}},"_links":{"self":[{"href":"https:\/\/marist-en-mission.com\/index.php\/wp-json\/wp\/v2\/pages\/12"}],"collection":[{"href":"https:\/\/marist-en-mission.com\/index.php\/wp-json\/wp\/v2\/pages"}],"about":[{"href":"https:\/\/marist-en-mission.com\/index.php\/wp-json\/wp\/v2\/types\/page"}],"author":[{"embeddable":true,"href":"https:\/\/marist-en-mission.com\/index.php\/wp-json\/wp\/v2\/users\/2"}],"replies":[{"embeddable":true,"href":"https:\/\/marist-en-mission.com\/index.php\/wp-json\/wp\/v2\/comments?post=12"}],"version-history":[{"count":12,"href":"https:\/\/marist-en-mission.com\/index.php\/wp-json\/wp\/v2\/pages\/12\/revisions"}],"predecessor-version":[{"id":1191,"href":"https:\/\/marist-en-mission.com\/index.php\/wp-json\/wp\/v2\/pages\/12\/revisions\/1191"}],"wp:featuredmedia":[{"embeddable":true,"href":"https:\/\/marist-en-mission.com\/index.php\/wp-json\/wp\/v2\/media\/148"}],"wp:attachment":[{"href":"https:\/\/marist-en-mission.com\/index.php\/wp-json\/wp\/v2\/media?parent=12"}],"curies":[{"name":"wp","href":"https:\/\/api.w.org\/{rel}","templated":true}]}}